{"id":595,"date":"2023-12-28T15:03:51","date_gmt":"2023-12-28T13:03:51","guid":{"rendered":"https:\/\/signaal.resense.dev\/products-and-services\/electric-car-chargers\/"},"modified":"2024-01-26T09:47:05","modified_gmt":"2024-01-26T07:47:05","slug":"electric-car-chargers","status":"publish","type":"page","link":"https:\/\/signaal.ee\/en\/products-and-services\/electric-car-chargers\/","title":{"rendered":"Electric car chargers"},"content":{"rendered":"\n<div class=\"wp-block-group alignwide is-layout-flow wp-container-core-group-is-layout-abbc75a6 wp-block-group-is-layout-flow\">\n<div class=\"wp-block-columns is-layout-flex wp-container-core-columns-is-layout-8869b176 wp-block-columns-is-layout-flex\">\n<div class=\"wp-block-column is-vertically-aligned-center is-layout-flow wp-block-column-is-layout-flow\">\n<div style=\"height:var(--wp--preset--spacing--big)\" aria-hidden=\"true\" class=\"wp-block-spacer\"><\/div>\n\n\n<div class=\"align mb-ws-medium wp-block-back-button back-button\">\n  <a class=\"back-button__link\" href=\"https:\/\/signaal.ee\/en\/products-and-services\/\" target=\"_blank\">\n    <svg class=\"back-button__svg\" width=\"75\" height=\"75\" viewBox=\"0 0 75 75\" fill=\"none\" xmlns=\"http:\/\/www.w3.org\/2000\/svg\">\n<path d=\"M65.625 34.375H21.3438L32.5312 23.1562L28.125 18.75L9.375 37.5L28.125 56.25L32.5312 51.8438L21.3438 40.625H65.625V34.375Z\" fill=\"currentColor\"\/>\n<\/svg>    <span class=\"back-button__text\">Back<\/span>\n  <\/a>\n<\/div>\n\n\n\n<h1 class=\"wp-block-heading\" style=\"margin-bottom:var(--wp--preset--spacing--medium)\">Electric car chargers<\/h1>\n\n\n\n<p>AS Signaal TM offers charging solutions for electric vehicles:<\/p>\n\n\n\n<ul class=\"wp-block-list\">\n<li>For office buildings<\/li>\n\n\n\n<li>For industrial buildings<\/li>\n\n\n\n<li>For apartment buildings<\/li>\n\n\n\n<li>For private houses<\/li>\n<\/ul>\n\n\n\n<p><br\/>AS Signaal TM sells, installs and maintains both modern smart and simpler electric car chargers and related management systems. We offer high-quality chargers with different capacities, designs and purposes.<\/p>\n\n\n\n<p><br\/>Our goal is to find the most optimal and convenient charging solution for the customer by combining it with capacity, chargers, infrastructure, installation works, real and future needs and investments.<\/p>\n\n\n\n<p><br\/><a href=\"https:\/\/www.aripaev.ee\/sisuturundus\/2023\/06\/05\/forus-gruppi-kuuluv-signaal-on-abiks-elektriautode-laadimispunktide-paigaldamisel-ja-margistamisel\" data-type=\"link\" data-id=\"https:\/\/www.aripaev.ee\/sisuturundus\/2023\/06\/05\/forus-gruppi-kuuluv-signaal-on-abiks-elektriautode-laadimispunktide-paigaldamisel-ja-margistamisel\" target=\"_blank\" rel=\"noreferrer noopener\"><strong>Read more<\/strong><\/a>.<\/p>\n\n\n\n<div class=\"wp-block-buttons is-layout-flex wp-block-buttons-is-layout-flex\" style=\"margin-top:var(--wp--preset--spacing--big)\">\n<div class=\"wp-block-button\"><a class=\"wp-block-button__link wp-element-button\" href=\"https:\/\/signaal.ee\/en\/contact\/\">Contact Us<\/a><\/div>\n<\/div>\n<\/div>\n\n\n\n<div class=\"wp-block-column is-vertically-aligned-top is-layout-flow wp-block-column-is-layout-flow\"><div class=\"align wp-block-div\">\n  <div class=\"acf-innerblocks-container\">\n\n<figure class=\"wp-block-image size-large -mr-ws-container\"><img loading=\"lazy\" decoding=\"async\" width=\"1024\" height=\"682\" src=\"http:\/\/signaal.ee\/app\/uploads\/2023\/12\/signaal-elektriautode-laadijad-kategooria-ReSense-Agency-1024x682.jpg\" alt=\"\" class=\"wp-image-137\" srcset=\"https:\/\/signaal.ee\/app\/uploads\/2023\/12\/signaal-elektriautode-laadijad-kategooria-ReSense-Agency-1024x682.jpg 1024w, https:\/\/signaal.ee\/app\/uploads\/2023\/12\/signaal-elektriautode-laadijad-kategooria-ReSense-Agency-300x200.jpg 300w, https:\/\/signaal.ee\/app\/uploads\/2023\/12\/signaal-elektriautode-laadijad-kategooria-ReSense-Agency-768x512.jpg 768w, https:\/\/signaal.ee\/app\/uploads\/2023\/12\/signaal-elektriautode-laadijad-kategooria-ReSense-Agency-1536x1023.jpg 1536w, https:\/\/signaal.ee\/app\/uploads\/2023\/12\/signaal-elektriautode-laadijad-kategooria-ReSense-Agency.jpg 2048w\" sizes=\"auto, (max-width: 1024px) 100vw, 1024px\" \/><\/figure>\n\n<\/div>\n<\/div>\n<\/div>\n<\/div>\n\n\n\n<div style=\"height:var(--wp--preset--spacing--section)\" aria-hidden=\"true\" class=\"wp-block-spacer\"><\/div>\n<\/div>\n\n<div class=\"wp-block-group alignwide is-layout-flow wp-container-core-group-is-layout-abbc75a6 wp-block-group-is-layout-flow\">\n<div class=\"wp-block-columns is-layout-flex wp-container-core-columns-is-layout-8869b176 wp-block-columns-is-layout-flex\">\n<div class=\"wp-block-column is-vertically-aligned-center is-layout-flow wp-block-column-is-layout-flow\">\n<div style=\"height:var(--wp--preset--spacing--big)\" aria-hidden=\"true\" class=\"wp-block-spacer\"><\/div>\n\n\n\n<h2 class=\"wp-block-heading\" style=\"margin-bottom:var(--wp--preset--spacing--medium)\">Elinta City Charge<\/h2>\n\n\n\n<p>Elinta laadijad City Charge laadijad on loodud kestma avalikus kasutuses ja v\u00e4litingimustes. Alumiinium korpus, kvaliteetsed komponendid ja kooste ning elegantne disain koos led lahendustega teeb Elinta Citi Charge laadijad esmaklassiliseks.<\/p>\n\n\n\n<p>Tehnilised andmed:<\/p>\n\n\n\n<ul class=\"wp-block-list\">\n<li>22kW laadijad 32 \u2013 63A<\/li>\n\n\n\n<li>Laadija on kas 2 type 2 pesa, v\u00f5i kaks 5m pikkust spiraalset kaablit koos type 2 otsaga. Spiraalkaabel tagab kaabli mugava kasutuse, kuna see ei lohise maas ja ei m\u00e4\u00e4rdu.<\/li>\n\n\n\n<li>4G ja LAN interneti\u00fchendus haldustarkvaraga \u00fchendamiseks<\/li>\n\n\n\n<li>RFID kiibiga k\u00e4ivitamise v\u00f5imalus<\/li>\n\n\n\n<li>Vastupidavad tipptasemel komponendid &#8211; Siemens, Mennekes, Phoenix Contact<\/li>\n\n\n\n<li>V\u00e4rvivalikuga LED valgustid<\/li>\n\n\n\n<li>\u00dchildub makselahendustega<\/li>\n<\/ul>\n\n\n\n<p><br\/><strong>Hinnad alates 2580 \u20ac + KM.<\/strong><\/p>\n<\/div>\n\n\n\n<div class=\"wp-block-column is-vertically-aligned-top is-layout-flow wp-block-column-is-layout-flow\"><div class=\"align wp-block-div\">\n  <div class=\"acf-innerblocks-container\">\n\n<figure class=\"wp-block-image size-full -mr-ws-container\"><img loading=\"lazy\" decoding=\"async\" width=\"940\" height=\"395\" src=\"http:\/\/signaal.ee\/app\/uploads\/2023\/12\/Elinta-City-Charge.png\" alt=\"\" class=\"wp-image-407\" srcset=\"https:\/\/signaal.ee\/app\/uploads\/2023\/12\/Elinta-City-Charge.png 940w, https:\/\/signaal.ee\/app\/uploads\/2023\/12\/Elinta-City-Charge-300x126.png 300w, https:\/\/signaal.ee\/app\/uploads\/2023\/12\/Elinta-City-Charge-768x323.png 768w\" sizes=\"auto, (max-width: 940px) 100vw, 940px\" \/><\/figure>\n\n<\/div>\n<\/div>\n<\/div>\n<\/div>\n\n\n\n<div style=\"height:var(--wp--preset--spacing--max)\" aria-hidden=\"true\" class=\"wp-block-spacer\"><\/div>\n<\/div>\n\n<div class=\"wp-block-group alignwide is-layout-flow wp-container-core-group-is-layout-abbc75a6 wp-block-group-is-layout-flow\">\n<div class=\"wp-block-columns is-layout-flex wp-container-core-columns-is-layout-8869b176 wp-block-columns-is-layout-flex\">\n<div class=\"wp-block-column is-vertically-aligned-center is-layout-flow wp-block-column-is-layout-flow\">\n<div style=\"height:var(--wp--preset--spacing--big)\" aria-hidden=\"true\" class=\"wp-block-spacer\"><\/div>\n\n\n\n<h2 class=\"wp-block-heading\" style=\"margin-bottom:var(--wp--preset--spacing--medium)\">CTEK Laadijad<\/h2>\n\n\n\n<p>Rootsi tootja CTEK laadijad sobivad nii avalikuks kasutamiseks, \u00e4ridele kui ka privaatseks kasutamiseks. Samas laadijakorpuses saab kasutada erinevaid tehnilisi lahendusi.<\/p>\n\n\n\n<p>CTEK pakub erakasutajale mobiilirakendust, millega saab laadijat juhtida ning laadimise statistikat j\u00e4lgida.<\/p>\n\n\n\n<ul class=\"wp-block-list\">\n<li> 7,4 &#8211; 22kW vahelduvvoolu laadijad<\/li>\n\n\n\n<li>\u00dche v\u00f5i kahe pesaga<\/li>\n\n\n\n<li>\u00dche v\u00f5i kahe 4m kaabliga, type 2 pistikuga<\/li>\n\n\n\n<li>RFID lahendusega<\/li>\n\n\n\n<li>4G v\u00f5i LAN interneti\u00fchendusega<\/li>\n\n\n\n<li>Seinakinnitusega v\u00f5i posti otsa paigaldatav<\/li>\n<\/ul>\n\n\n\n<p><br\/><strong>Hinnad alates 1250 \u20ac + KM.<\/strong><\/p>\n<\/div>\n\n\n\n<div class=\"wp-block-column is-vertically-aligned-top is-layout-flow wp-block-column-is-layout-flow\"><div class=\"align wp-block-div\">\n  <div class=\"acf-innerblocks-container\">\n\n<figure class=\"wp-block-image size-full -mr-ws-container\"><img loading=\"lazy\" decoding=\"async\" width=\"940\" height=\"661\" src=\"http:\/\/signaal.ee\/app\/uploads\/2023\/12\/CTEK-laadijad.png\" alt=\"\" class=\"wp-image-413\" srcset=\"https:\/\/signaal.ee\/app\/uploads\/2023\/12\/CTEK-laadijad.png 940w, https:\/\/signaal.ee\/app\/uploads\/2023\/12\/CTEK-laadijad-300x211.png 300w, https:\/\/signaal.ee\/app\/uploads\/2023\/12\/CTEK-laadijad-768x540.png 768w\" sizes=\"auto, (max-width: 940px) 100vw, 940px\" \/><\/figure>\n\n<\/div>\n<\/div>\n<\/div>\n<\/div>\n\n\n\n<div style=\"height:var(--wp--preset--spacing--max)\" aria-hidden=\"true\" class=\"wp-block-spacer\"><\/div>\n<\/div>\n\n<div class=\"wp-block-group alignwide is-layout-flow wp-container-core-group-is-layout-abbc75a6 wp-block-group-is-layout-flow\">\n<div class=\"wp-block-columns is-layout-flex wp-container-core-columns-is-layout-8869b176 wp-block-columns-is-layout-flex\">\n<div class=\"wp-block-column is-vertically-aligned-center is-layout-flow wp-block-column-is-layout-flow\">\n<div style=\"height:var(--wp--preset--spacing--big)\" aria-hidden=\"true\" class=\"wp-block-spacer\"><\/div>\n\n\n\n<h2 class=\"wp-block-heading\" style=\"margin-bottom:var(--wp--preset--spacing--medium)\">Elinta Home Box Slim<\/h2>\n\n\n\n<p>Peamiselt eratarbimiseks kodus v\u00f5i t\u00f6\u00f6l m\u00f5eldud Home Box Slim laadijad on nutikad ja kompaktsed ning t\u00f6\u00f6kindlad laadijad.<\/p>\n\n\n\n<ul class=\"wp-block-list\">\n<li>7,4 &#8211; 22kW vahelduvvoolu laadijad<\/li>\n\n\n\n<li>\u00dche pesa v\u00f5i kaabliga type 2 pistikuga \u00fchendus<\/li>\n\n\n\n<li>RFID v\u00f5imalus<\/li>\n\n\n\n<li>4G v\u00f5i LAN interneti\u00fchenduse v\u00f5imalus<\/li>\n\n\n\n<li>Seinakinnitusega v\u00f5i posti otsa paigaldatav<\/li>\n<\/ul>\n\n\n\n<p><br\/><strong>Hinnad alates 670 \u20ac + KM.<\/strong><\/p>\n<\/div>\n\n\n\n<div class=\"wp-block-column is-vertically-aligned-top is-layout-flow wp-block-column-is-layout-flow\"><div class=\"align wp-block-div\">\n  <div class=\"acf-innerblocks-container\">\n\n<figure class=\"wp-block-image size-full -mr-ws-container\"><img loading=\"lazy\" decoding=\"async\" width=\"592\" height=\"595\" src=\"http:\/\/signaal.ee\/app\/uploads\/2023\/12\/Elinta-Home-Box-Slim.png\" alt=\"\" class=\"wp-image-418\" srcset=\"https:\/\/signaal.ee\/app\/uploads\/2023\/12\/Elinta-Home-Box-Slim.png 592w, https:\/\/signaal.ee\/app\/uploads\/2023\/12\/Elinta-Home-Box-Slim-298x300.png 298w, https:\/\/signaal.ee\/app\/uploads\/2023\/12\/Elinta-Home-Box-Slim-150x150.png 150w\" sizes=\"auto, (max-width: 592px) 100vw, 592px\" \/><\/figure>\n\n<\/div>\n<\/div>\n<\/div>\n<\/div>\n\n\n\n<div style=\"height:var(--wp--preset--spacing--max)\" aria-hidden=\"true\" class=\"wp-block-spacer\"><\/div>\n<\/div>\n\n<div class=\"wp-block-group alignwide is-layout-flow wp-container-core-group-is-layout-abbc75a6 wp-block-group-is-layout-flow\">\n<div class=\"wp-block-columns is-layout-flex wp-container-core-columns-is-layout-8869b176 wp-block-columns-is-layout-flex\">\n<div class=\"wp-block-column is-vertically-aligned-center is-layout-flow wp-block-column-is-layout-flow\">\n<div style=\"height:var(--wp--preset--spacing--big)\" aria-hidden=\"true\" class=\"wp-block-spacer\"><\/div>\n\n\n\n<h2 class=\"wp-block-heading\" style=\"margin-bottom:var(--wp--preset--spacing--medium)\">CTEK Njord Go<\/h2>\n\n\n\n<p>Nutikas kaasaskantav ja 3 faasilise pistikuga \u00fchendatav laadija CTEK Njord Go. Mugav laadija inimesele, kellel on mitu kohta kus laadida, n\u00e4iteks maja ja suvila v\u00f5i t\u00f6\u00f6koht.<\/p>\n\n\n\n<ul class=\"wp-block-list\">\n<li>Seinale kinnitatav ja kaasaskantav<\/li>\n\n\n\n<li>Lihtsasti pistikuga \u00fchendatav<\/li>\n\n\n\n<li>Mobiilirakendusest reguleeritav 3,7 \u2013 11kW, maksimaalselt 16A<\/li>\n\n\n\n<li>CTEK Mobiilirakendusega juhitav<\/li>\n<\/ul>\n\n\n\n<p><br\/><strong>Hinnad alates 850 \u20ac + KM.<\/strong><\/p>\n<\/div>\n\n\n\n<div class=\"wp-block-column is-vertically-aligned-top is-layout-flow wp-block-column-is-layout-flow\"><div class=\"align wp-block-div\">\n  <div class=\"acf-innerblocks-container\">\n\n<figure class=\"wp-block-image size-full -mr-ws-container\"><img loading=\"lazy\" decoding=\"async\" width=\"468\" height=\"355\" src=\"http:\/\/signaal.ee\/app\/uploads\/2023\/12\/CTEK-Njord-Go.png\" alt=\"\" class=\"wp-image-423\" srcset=\"https:\/\/signaal.ee\/app\/uploads\/2023\/12\/CTEK-Njord-Go.png 468w, https:\/\/signaal.ee\/app\/uploads\/2023\/12\/CTEK-Njord-Go-300x228.png 300w\" sizes=\"auto, (max-width: 468px) 100vw, 468px\" \/><\/figure>\n\n<\/div>\n<\/div>\n<\/div>\n<\/div>\n\n\n\n<div style=\"height:var(--wp--preset--spacing--max)\" aria-hidden=\"true\" class=\"wp-block-spacer\"><\/div>\n<\/div>\n\n<div class=\"wp-block-group alignwide is-layout-flow wp-container-core-group-is-layout-abbc75a6 wp-block-group-is-layout-flow\">\n<div class=\"wp-block-columns is-layout-flex wp-container-core-columns-is-layout-8869b176 wp-block-columns-is-layout-flex\">\n<div class=\"wp-block-column is-vertically-aligned-center is-layout-flow wp-block-column-is-layout-flow\">\n<div style=\"height:var(--wp--preset--spacing--big)\" aria-hidden=\"true\" class=\"wp-block-spacer\"><\/div>\n\n\n\n<h2 class=\"wp-block-heading\" style=\"margin-bottom:var(--wp--preset--spacing--medium)\">Elektriauto laadimiskaabel<\/h2>\n\n\n\n<ul class=\"wp-block-list\">\n<li>Type 2 kerge laadimiskaabel<\/li>\n\n\n\n<li>Pikkus 5m<\/li>\n\n\n\n<li>16A 3 faasi<\/li>\n<\/ul>\n\n\n\n<p><br\/><strong>Hind 145 \u20ac + KM.<\/strong><\/p>\n<\/div>\n\n\n\n<div class=\"wp-block-column is-vertically-aligned-top is-layout-flow wp-block-column-is-layout-flow\"><div class=\"align wp-block-div\">\n  <div class=\"acf-innerblocks-container\">\n\n<figure class=\"wp-block-image size-full -mr-ws-container\"><img loading=\"lazy\" decoding=\"async\" width=\"800\" height=\"800\" src=\"http:\/\/signaal.ee\/app\/uploads\/2023\/12\/Elektriauto-laadimiskaabel.jpg\" alt=\"\" class=\"wp-image-426\" srcset=\"https:\/\/signaal.ee\/app\/uploads\/2023\/12\/Elektriauto-laadimiskaabel.jpg 800w, https:\/\/signaal.ee\/app\/uploads\/2023\/12\/Elektriauto-laadimiskaabel-300x300.jpg 300w, https:\/\/signaal.ee\/app\/uploads\/2023\/12\/Elektriauto-laadimiskaabel-150x150.jpg 150w, https:\/\/signaal.ee\/app\/uploads\/2023\/12\/Elektriauto-laadimiskaabel-768x768.jpg 768w\" sizes=\"auto, (max-width: 800px) 100vw, 800px\" \/><\/figure>\n\n<\/div>\n<\/div>\n<\/div>\n<\/div>\n\n\n\n<div style=\"height:var(--wp--preset--spacing--max)\" aria-hidden=\"true\" class=\"wp-block-spacer\"><\/div>\n<\/div>\n","protected":false},"excerpt":{"rendered":"<p>Electric car chargers AS Signaal TM offers charging solutions for electric vehicles: AS Signaal TM sells, installs and maintains both modern smart and simpler electric car chargers and related management systems. We offer high-quality chargers with different capacities, designs and purposes. Our goal is to find the most optimal and convenient charging solution for the &hellip; <a href=\"https:\/\/signaal.ee\/en\/products-and-services\/electric-car-chargers\/\">Continued<\/a><\/p>\n","protected":false},"author":3,"featured_media":0,"parent":73,"menu_order":0,"comment_status":"closed","ping_status":"closed","template":"","meta":{"_acf_changed":false,"footnotes":""},"class_list":["post-595","page","type-page","status-publish","hentry"],"acf":[],"yoast_head":"<!-- This site is optimized with the Yoast SEO plugin v27.3 - https:\/\/yoast.com\/product\/yoast-seo-wordpress\/ -->\n<title>Electric car chargers - AS Signaal TM<\/title>\n<meta name=\"robots\" content=\"index, follow, max-snippet:-1, max-image-preview:large, max-video-preview:-1\" \/>\n<link rel=\"canonical\" href=\"https:\/\/signaal.ee\/en\/products-and-services\/electric-car-chargers\/\" \/>\n<meta property=\"og:locale\" content=\"en_US\" \/>\n<meta property=\"og:type\" content=\"article\" \/>\n<meta property=\"og:title\" content=\"Electric car chargers - AS Signaal TM\" \/>\n<meta property=\"og:description\" content=\"Electric car chargers AS Signaal TM offers charging solutions for electric vehicles: AS Signaal TM sells, installs and maintains both modern smart and simpler electric car chargers and related management systems. We offer high-quality chargers with different capacities, designs and purposes. Our goal is to find the most optimal and convenient charging solution for the &hellip; Continued\" \/>\n<meta property=\"og:url\" content=\"https:\/\/signaal.ee\/en\/products-and-services\/electric-car-chargers\/\" \/>\n<meta property=\"og:site_name\" content=\"AS Signaal TM\" \/>\n<meta property=\"article:modified_time\" content=\"2024-01-26T07:47:05+00:00\" \/>\n<meta property=\"og:image\" content=\"http:\/\/signaal.ee\/app\/uploads\/2023\/12\/signaal-elektriautode-laadijad-kategooria-ReSense-Agency-1024x682.jpg\" \/>\n<meta name=\"twitter:card\" content=\"summary_large_image\" \/>\n<meta name=\"twitter:label1\" content=\"Est. reading time\" \/>\n\t<meta name=\"twitter:data1\" content=\"2 minutes\" \/>\n<script type=\"application\/ld+json\" class=\"yoast-schema-graph\">{\"@context\":\"https:\\\/\\\/schema.org\",\"@graph\":[{\"@type\":\"WebPage\",\"@id\":\"https:\\\/\\\/signaal.ee\\\/en\\\/products-and-services\\\/electric-car-chargers\\\/\",\"url\":\"https:\\\/\\\/signaal.ee\\\/en\\\/products-and-services\\\/electric-car-chargers\\\/\",\"name\":\"Electric car chargers - AS Signaal TM\",\"isPartOf\":{\"@id\":\"https:\\\/\\\/signaal.ee\\\/en\\\/#website\"},\"primaryImageOfPage\":{\"@id\":\"https:\\\/\\\/signaal.ee\\\/en\\\/products-and-services\\\/electric-car-chargers\\\/#primaryimage\"},\"image\":{\"@id\":\"https:\\\/\\\/signaal.ee\\\/en\\\/products-and-services\\\/electric-car-chargers\\\/#primaryimage\"},\"thumbnailUrl\":\"http:\\\/\\\/signaal.ee\\\/app\\\/uploads\\\/2023\\\/12\\\/signaal-elektriautode-laadijad-kategooria-ReSense-Agency-1024x682.jpg\",\"datePublished\":\"2023-12-28T13:03:51+00:00\",\"dateModified\":\"2024-01-26T07:47:05+00:00\",\"breadcrumb\":{\"@id\":\"https:\\\/\\\/signaal.ee\\\/en\\\/products-and-services\\\/electric-car-chargers\\\/#breadcrumb\"},\"inLanguage\":\"en-US\",\"potentialAction\":[{\"@type\":\"ReadAction\",\"target\":[\"https:\\\/\\\/signaal.ee\\\/en\\\/products-and-services\\\/electric-car-chargers\\\/\"]}]},{\"@type\":\"ImageObject\",\"inLanguage\":\"en-US\",\"@id\":\"https:\\\/\\\/signaal.ee\\\/en\\\/products-and-services\\\/electric-car-chargers\\\/#primaryimage\",\"url\":\"http:\\\/\\\/signaal.ee\\\/app\\\/uploads\\\/2023\\\/12\\\/signaal-elektriautode-laadijad-kategooria-ReSense-Agency-1024x682.jpg\",\"contentUrl\":\"http:\\\/\\\/signaal.ee\\\/app\\\/uploads\\\/2023\\\/12\\\/signaal-elektriautode-laadijad-kategooria-ReSense-Agency-1024x682.jpg\"},{\"@type\":\"BreadcrumbList\",\"@id\":\"https:\\\/\\\/signaal.ee\\\/en\\\/products-and-services\\\/electric-car-chargers\\\/#breadcrumb\",\"itemListElement\":[{\"@type\":\"ListItem\",\"position\":1,\"name\":\"Home\",\"item\":\"https:\\\/\\\/signaal.ee\\\/en\\\/\"},{\"@type\":\"ListItem\",\"position\":2,\"name\":\"Products and Services\",\"item\":\"https:\\\/\\\/signaal.ee\\\/en\\\/products-and-services\\\/\"},{\"@type\":\"ListItem\",\"position\":3,\"name\":\"Electric car chargers\"}]},{\"@type\":\"WebSite\",\"@id\":\"https:\\\/\\\/signaal.ee\\\/en\\\/#website\",\"url\":\"https:\\\/\\\/signaal.ee\\\/en\\\/\",\"name\":\"Signaal TM\",\"description\":\"50 years of traffic management\",\"potentialAction\":[{\"@type\":\"SearchAction\",\"target\":{\"@type\":\"EntryPoint\",\"urlTemplate\":\"https:\\\/\\\/signaal.ee\\\/en\\\/?s={search_term_string}\"},\"query-input\":{\"@type\":\"PropertyValueSpecification\",\"valueRequired\":true,\"valueName\":\"search_term_string\"}}],\"inLanguage\":\"en-US\"}]}<\/script>\n<!-- \/ Yoast SEO plugin. -->","yoast_head_json":{"title":"Electric car chargers - AS Signaal TM","robots":{"index":"index","follow":"follow","max-snippet":"max-snippet:-1","max-image-preview":"max-image-preview:large","max-video-preview":"max-video-preview:-1"},"canonical":"https:\/\/signaal.ee\/en\/products-and-services\/electric-car-chargers\/","og_locale":"en_US","og_type":"article","og_title":"Electric car chargers - AS Signaal TM","og_description":"Electric car chargers AS Signaal TM offers charging solutions for electric vehicles: AS Signaal TM sells, installs and maintains both modern smart and simpler electric car chargers and related management systems. We offer high-quality chargers with different capacities, designs and purposes. Our goal is to find the most optimal and convenient charging solution for the &hellip; Continued","og_url":"https:\/\/signaal.ee\/en\/products-and-services\/electric-car-chargers\/","og_site_name":"AS Signaal TM","article_modified_time":"2024-01-26T07:47:05+00:00","og_image":[{"url":"http:\/\/signaal.ee\/app\/uploads\/2023\/12\/signaal-elektriautode-laadijad-kategooria-ReSense-Agency-1024x682.jpg","type":"","width":"","height":""}],"twitter_card":"summary_large_image","twitter_misc":{"Est. reading time":"2 minutes"},"schema":{"@context":"https:\/\/schema.org","@graph":[{"@type":"WebPage","@id":"https:\/\/signaal.ee\/en\/products-and-services\/electric-car-chargers\/","url":"https:\/\/signaal.ee\/en\/products-and-services\/electric-car-chargers\/","name":"Electric car chargers - AS Signaal TM","isPartOf":{"@id":"https:\/\/signaal.ee\/en\/#website"},"primaryImageOfPage":{"@id":"https:\/\/signaal.ee\/en\/products-and-services\/electric-car-chargers\/#primaryimage"},"image":{"@id":"https:\/\/signaal.ee\/en\/products-and-services\/electric-car-chargers\/#primaryimage"},"thumbnailUrl":"http:\/\/signaal.ee\/app\/uploads\/2023\/12\/signaal-elektriautode-laadijad-kategooria-ReSense-Agency-1024x682.jpg","datePublished":"2023-12-28T13:03:51+00:00","dateModified":"2024-01-26T07:47:05+00:00","breadcrumb":{"@id":"https:\/\/signaal.ee\/en\/products-and-services\/electric-car-chargers\/#breadcrumb"},"inLanguage":"en-US","potentialAction":[{"@type":"ReadAction","target":["https:\/\/signaal.ee\/en\/products-and-services\/electric-car-chargers\/"]}]},{"@type":"ImageObject","inLanguage":"en-US","@id":"https:\/\/signaal.ee\/en\/products-and-services\/electric-car-chargers\/#primaryimage","url":"http:\/\/signaal.ee\/app\/uploads\/2023\/12\/signaal-elektriautode-laadijad-kategooria-ReSense-Agency-1024x682.jpg","contentUrl":"http:\/\/signaal.ee\/app\/uploads\/2023\/12\/signaal-elektriautode-laadijad-kategooria-ReSense-Agency-1024x682.jpg"},{"@type":"BreadcrumbList","@id":"https:\/\/signaal.ee\/en\/products-and-services\/electric-car-chargers\/#breadcrumb","itemListElement":[{"@type":"ListItem","position":1,"name":"Home","item":"https:\/\/signaal.ee\/en\/"},{"@type":"ListItem","position":2,"name":"Products and Services","item":"https:\/\/signaal.ee\/en\/products-and-services\/"},{"@type":"ListItem","position":3,"name":"Electric car chargers"}]},{"@type":"WebSite","@id":"https:\/\/signaal.ee\/en\/#website","url":"https:\/\/signaal.ee\/en\/","name":"Signaal TM","description":"50 years of traffic management","potentialAction":[{"@type":"SearchAction","target":{"@type":"EntryPoint","urlTemplate":"https:\/\/signaal.ee\/en\/?s={search_term_string}"},"query-input":{"@type":"PropertyValueSpecification","valueRequired":true,"valueName":"search_term_string"}}],"inLanguage":"en-US"}]}},"_links":{"self":[{"href":"https:\/\/signaal.ee\/en\/wp-json\/wp\/v2\/pages\/595","targetHints":{"allow":["GET"]}}],"collection":[{"href":"https:\/\/signaal.ee\/en\/wp-json\/wp\/v2\/pages"}],"about":[{"href":"https:\/\/signaal.ee\/en\/wp-json\/wp\/v2\/types\/page"}],"author":[{"embeddable":true,"href":"https:\/\/signaal.ee\/en\/wp-json\/wp\/v2\/users\/3"}],"replies":[{"embeddable":true,"href":"https:\/\/signaal.ee\/en\/wp-json\/wp\/v2\/comments?post=595"}],"version-history":[{"count":9,"href":"https:\/\/signaal.ee\/en\/wp-json\/wp\/v2\/pages\/595\/revisions"}],"predecessor-version":[{"id":889,"href":"https:\/\/signaal.ee\/en\/wp-json\/wp\/v2\/pages\/595\/revisions\/889"}],"up":[{"embeddable":true,"href":"https:\/\/signaal.ee\/en\/wp-json\/wp\/v2\/pages\/73"}],"wp:attachment":[{"href":"https:\/\/signaal.ee\/en\/wp-json\/wp\/v2\/media?parent=595"}],"curies":[{"name":"wp","href":"https:\/\/api.w.org\/{rel}","templated":true}]}}